{"id":2147,"date":"2023-06-14T15:48:48","date_gmt":"2023-06-14T13:48:48","guid":{"rendered":"https:\/\/orbit-projekt.de\/?page_id=2147"},"modified":"2023-12-06T14:21:09","modified_gmt":"2023-12-06T13:21:09","slug":"2-workshop","status":"publish","type":"page","link":"https:\/\/orbit-projekt.de\/?page_id=2147","title":{"rendered":"2. Workshop 2023"},"content":{"rendered":"\t\t<div data-elementor-type=\"wp-page\" data-elementor-id=\"2147\" class=\"elementor elementor-2147\">\n\t\t\t\t\t\t<section class=\"elementor-section elementor-top-section elementor-element elementor-element-45ee293 elementor-section-boxed elementor-section-height-default elementor-section-height-default\" data-id=\"45ee293\" data-element_type=\"section\">\n\t\t\t\t\t\t<div class=\"elementor-container elementor-column-gap-default\">\n\t\t\t\t\t<div class=\"elementor-column elementor-col-100 elementor-top-column elementor-element elementor-element-fda650c\" data-id=\"fda650c\" data-element_type=\"column\">\n\t\t\t<div class=\"elementor-widget-wrap elementor-element-populated\">\n\t\t\t\t\t\t<div class=\"elementor-element elementor-element-575d5e3 elementor-widget elementor-widget-heading\" data-id=\"575d5e3\" data-element_type=\"widget\" data-widget_type=\"heading.default\">\n\t\t\t\t<div class=\"elementor-widget-container\">\n\t\t\t\t\t<h4 class=\"elementor-heading-title elementor-size-default\">2. ORBIT-Workshop am 5. und 6.10.2023: <br><br>Advances in biological methanation: <br>Microbes as game changers for a sustainable future<\/h4>\t\t\t\t<\/div>\n\t\t\t\t<\/div>\n\t\t\t\t<div class=\"elementor-element elementor-element-ba53f67 elementor-widget elementor-widget-text-editor\" data-id=\"ba53f67\" data-element_type=\"widget\" data-widget_type=\"text-editor.default\">\n\t\t\t\t<div class=\"elementor-widget-container\">\n\t\t\t\t\t\t\t\t\t<p>Im Rahmen des Forschungsprojektes ORBIT II wird j\u00e4hrlich ein Workshop zu aktuellen Themen rund um die biologische Methanisierung organisiert. Der zweite Workshop \u201cAdvances in biological methanation: Microbes as game changers for a sustainable future\u201d addressierte die biologischen Facetten der Methanisierung.<\/p><p>Vor dem aktuellen Hintergrund der Energie- und Klimakrise wurden am 05. und 06.10.2023 mit\u00a0ausgew\u00e4hlten Expert*innen im Workshop Hintergr\u00fcnde der biologischen Methanisierung und potenzielle L\u00f6sungsm\u00f6glichkeiten zur Erzeugung von gr\u00fcnem Methan vorgestellt. Neben Fachvortr\u00e4gen wurden in verschiedenen Workshops und Posterpr\u00e4sentationen weitreichende biologische Aspekte in dem ansonsten sehr technischen und angewandten Forschungsfeld beleuchtet.<\/p>\t\t\t\t\t\t\t\t<\/div>\n\t\t\t\t<\/div>\n\t\t\t\t<div class=\"elementor-element elementor-element-a750702 elementor-widget elementor-widget-heading\" data-id=\"a750702\" data-element_type=\"widget\" data-widget_type=\"heading.default\">\n\t\t\t\t<div class=\"elementor-widget-container\">\n\t\t\t\t\t<h4 class=\"elementor-heading-title elementor-size-default\">Agenda<\/h4>\t\t\t\t<\/div>\n\t\t\t\t<\/div>\n\t\t\t\t<div class=\"elementor-element elementor-element-d01df6d elementor-widget elementor-widget-image\" data-id=\"d01df6d\" data-element_type=\"widget\" data-widget_type=\"image.default\">\n\t\t\t\t<div class=\"elementor-widget-container\">\n\t\t\t\t\t\t\t\t\t\t\t\t\t\t\t<img fetchpriority=\"high\" decoding=\"async\" width=\"1771\" height=\"2048\" src=\"https:\/\/orbit-projekt.de\/wp-content\/uploads\/2023\/11\/2023_Agenda_Workshop_2_v6-1771x2048.jpg\" class=\"attachment-2048x2048 size-2048x2048 wp-image-2433\" alt=\"Agenda ORBIT Workshop 2\" srcset=\"https:\/\/orbit-projekt.de\/wp-content\/uploads\/2023\/11\/2023_Agenda_Workshop_2_v6-1771x2048.jpg 1771w, https:\/\/orbit-projekt.de\/wp-content\/uploads\/2023\/11\/2023_Agenda_Workshop_2_v6-259x300.jpg 259w, https:\/\/orbit-projekt.de\/wp-content\/uploads\/2023\/11\/2023_Agenda_Workshop_2_v6-886x1024.jpg 886w, https:\/\/orbit-projekt.de\/wp-content\/uploads\/2023\/11\/2023_Agenda_Workshop_2_v6-768x888.jpg 768w, https:\/\/orbit-projekt.de\/wp-content\/uploads\/2023\/11\/2023_Agenda_Workshop_2_v6-1328x1536.jpg 1328w, https:\/\/orbit-projekt.de\/wp-content\/uploads\/2023\/11\/2023_Agenda_Workshop_2_v6-1200x1388.jpg 1200w, https:\/\/orbit-projekt.de\/wp-content\/uploads\/2023\/11\/2023_Agenda_Workshop_2_v6-1980x2289.jpg 1980w\" sizes=\"(max-width: 1771px) 100vw, 1771px\" \/>\t\t\t\t\t\t\t\t\t\t\t\t\t\t\t<\/div>\n\t\t\t\t<\/div>\n\t\t\t\t<div class=\"elementor-element elementor-element-c496f89 elementor-widget elementor-widget-heading\" data-id=\"c496f89\" data-element_type=\"widget\" data-widget_type=\"heading.default\">\n\t\t\t\t<div class=\"elementor-widget-container\">\n\t\t\t\t\t<h4 class=\"elementor-heading-title elementor-size-default\">Highlights des 2. ORBIT Workshops<\/h4>\t\t\t\t<\/div>\n\t\t\t\t<\/div>\n\t\t\t\t<div class=\"elementor-element elementor-element-8d9b444 gallery-spacing-custom elementor-widget elementor-widget-image-gallery\" data-id=\"8d9b444\" data-element_type=\"widget\" data-widget_type=\"image-gallery.default\">\n\t\t\t\t<div class=\"elementor-widget-container\">\n\t\t\t\t\t\t\t<div class=\"elementor-image-gallery\">\n\t\t\t<div id='gallery-1' class='gallery galleryid-2147 gallery-columns-4 gallery-size-full'><figure class='gallery-item'>\n\t\t\t<div class='gallery-icon landscape'>\n\t\t\t\t<a data-elementor-open-lightbox=\"yes\" data-elementor-lightbox-slideshow=\"8d9b444\" data-elementor-lightbox-title=\"IMG_6160\" data-elementor-lightbox-description=\"Gruppenfoto der Teilnehmenden beim 2. ORBIT Workshop. Foto: Gabi Gmeinwieser\" data-e-action-hash=\"#elementor-action%3Aaction%3Dlightbox%26settings%3DeyJpZCI6MjQyMiwidXJsIjoiaHR0cHM6XC9cL29yYml0LXByb2pla3QuZGVcL3dwLWNvbnRlbnRcL3VwbG9hZHNcLzIwMjNcLzExXC9JTUdfNjE2MC1zY2FsZWQuanBnIiwic2xpZGVzaG93IjoiOGQ5YjQ0NCJ9\" href='https:\/\/orbit-projekt.de\/wp-content\/uploads\/2023\/11\/IMG_6160-scaled.jpg'><img decoding=\"async\" width=\"2560\" height=\"1707\" src=\"https:\/\/orbit-projekt.de\/wp-content\/uploads\/2023\/11\/IMG_6160-scaled.jpg\" class=\"attachment-full size-full\" alt=\"Gruppenfoto der Teilnehmenden beim 2. ORBIT Workshop. Foto: Gabi Gmeinwieser\" aria-describedby=\"gallery-1-2422\" srcset=\"https:\/\/orbit-projekt.de\/wp-content\/uploads\/2023\/11\/IMG_6160-scaled.jpg 2560w, https:\/\/orbit-projekt.de\/wp-content\/uploads\/2023\/11\/IMG_6160-300x200.jpg 300w, https:\/\/orbit-projekt.de\/wp-content\/uploads\/2023\/11\/IMG_6160-1024x683.jpg 1024w, https:\/\/orbit-projekt.de\/wp-content\/uploads\/2023\/11\/IMG_6160-768x512.jpg 768w, https:\/\/orbit-projekt.de\/wp-content\/uploads\/2023\/11\/IMG_6160-1536x1024.jpg 1536w, https:\/\/orbit-projekt.de\/wp-content\/uploads\/2023\/11\/IMG_6160-2048x1365.jpg 2048w, https:\/\/orbit-projekt.de\/wp-content\/uploads\/2023\/11\/IMG_6160-1200x800.jpg 1200w, https:\/\/orbit-projekt.de\/wp-content\/uploads\/2023\/11\/IMG_6160-1980x1320.jpg 1980w\" sizes=\"(max-width: 2560px) 100vw, 2560px\" \/><\/a>\n\t\t\t<\/div>\n\t\t\t\t<figcaption class='wp-caption-text gallery-caption' id='gallery-1-2422'>\n\t\t\t\tGruppenfoto der Teilnehmenden beim 2. ORBIT Workshop. Foto: Gabi Gmeinwieser\n\t\t\t\t<\/figcaption><\/figure><figure class='gallery-item'>\n\t\t\t<div class='gallery-icon landscape'>\n\t\t\t\t<a data-elementor-open-lightbox=\"yes\" data-elementor-lightbox-slideshow=\"8d9b444\" data-elementor-lightbox-title=\"Fu\u0308hrung_Reaktor\" data-elementor-lightbox-description=\"Die Teilnehmenden bei der Reaktorbesichtigung der ORBIT II Methanisierungsanlage. Foto: Marie Steinmetzer \" data-e-action-hash=\"#elementor-action%3Aaction%3Dlightbox%26settings%3DeyJpZCI6MjM5NSwidXJsIjoiaHR0cHM6XC9cL29yYml0LXByb2pla3QuZGVcL3dwLWNvbnRlbnRcL3VwbG9hZHNcLzIwMjNcLzEwXC9GdWVocnVuZ19SZWFrdG9yLXNjYWxlZC5qcGVnIiwic2xpZGVzaG93IjoiOGQ5YjQ0NCJ9\" href='https:\/\/orbit-projekt.de\/wp-content\/uploads\/2023\/10\/Fuehrung_Reaktor-scaled.jpeg'><img decoding=\"async\" width=\"2560\" height=\"1707\" src=\"https:\/\/orbit-projekt.de\/wp-content\/uploads\/2023\/10\/Fuehrung_Reaktor-scaled.jpeg\" class=\"attachment-full size-full\" alt=\"Die Teilnehmenden bei der Reaktorbesichtigung der ORBIT II Methanisierungsanlage. Foto: Marie Steinmetzer\" aria-describedby=\"gallery-1-2395\" srcset=\"https:\/\/orbit-projekt.de\/wp-content\/uploads\/2023\/10\/Fuehrung_Reaktor-scaled.jpeg 2560w, https:\/\/orbit-projekt.de\/wp-content\/uploads\/2023\/10\/Fuehrung_Reaktor-300x200.jpeg 300w, https:\/\/orbit-projekt.de\/wp-content\/uploads\/2023\/10\/Fuehrung_Reaktor-1024x683.jpeg 1024w, https:\/\/orbit-projekt.de\/wp-content\/uploads\/2023\/10\/Fuehrung_Reaktor-768x512.jpeg 768w, https:\/\/orbit-projekt.de\/wp-content\/uploads\/2023\/10\/Fuehrung_Reaktor-1536x1024.jpeg 1536w, https:\/\/orbit-projekt.de\/wp-content\/uploads\/2023\/10\/Fuehrung_Reaktor-2048x1365.jpeg 2048w, https:\/\/orbit-projekt.de\/wp-content\/uploads\/2023\/10\/Fuehrung_Reaktor-1200x800.jpeg 1200w, https:\/\/orbit-projekt.de\/wp-content\/uploads\/2023\/10\/Fuehrung_Reaktor-1980x1320.jpeg 1980w\" sizes=\"(max-width: 2560px) 100vw, 2560px\" \/><\/a>\n\t\t\t<\/div>\n\t\t\t\t<figcaption class='wp-caption-text gallery-caption' id='gallery-1-2395'>\n\t\t\t\tDie Teilnehmenden bei der Reaktorbesichtigung der ORBIT II Methanisierungsanlage. Foto: Marie Steinmetzer \n\t\t\t\t<\/figcaption><\/figure><figure class='gallery-item'>\n\t\t\t<div class='gallery-icon landscape'>\n\t\t\t\t<a data-elementor-open-lightbox=\"yes\" data-elementor-lightbox-slideshow=\"8d9b444\" data-elementor-lightbox-title=\"Workshops\" data-elementor-lightbox-description=\"Diskussionen im Rahmen des Workshops &quot;Putting the microbes in place \u2013 reaction requirements and perspectives for optimization&quot;. Foto: Katja Kr\u00fcger\" data-e-action-hash=\"#elementor-action%3Aaction%3Dlightbox%26settings%3DeyJpZCI6MjM5MSwidXJsIjoiaHR0cHM6XC9cL29yYml0LXByb2pla3QuZGVcL3dwLWNvbnRlbnRcL3VwbG9hZHNcLzIwMjNcLzEwXC9Xb3Jrc2hvcHMtc2NhbGVkLmpwZWciLCJzbGlkZXNob3ciOiI4ZDliNDQ0In0%3D\" href='https:\/\/orbit-projekt.de\/wp-content\/uploads\/2023\/10\/Workshops-scaled.jpeg'><img loading=\"lazy\" decoding=\"async\" width=\"2560\" height=\"1920\" src=\"https:\/\/orbit-projekt.de\/wp-content\/uploads\/2023\/10\/Workshops-scaled.jpeg\" class=\"attachment-full size-full\" alt=\"Diskussionen im Rahmen des Workshops &quot;Putting the microbes in place \u2013 reaction requirements and perspectives for optimization&quot;. Foto: Katja Kr\u00fcger\" aria-describedby=\"gallery-1-2391\" srcset=\"https:\/\/orbit-projekt.de\/wp-content\/uploads\/2023\/10\/Workshops-scaled.jpeg 2560w, https:\/\/orbit-projekt.de\/wp-content\/uploads\/2023\/10\/Workshops-300x225.jpeg 300w, https:\/\/orbit-projekt.de\/wp-content\/uploads\/2023\/10\/Workshops-1024x768.jpeg 1024w, https:\/\/orbit-projekt.de\/wp-content\/uploads\/2023\/10\/Workshops-768x576.jpeg 768w, https:\/\/orbit-projekt.de\/wp-content\/uploads\/2023\/10\/Workshops-1536x1152.jpeg 1536w, https:\/\/orbit-projekt.de\/wp-content\/uploads\/2023\/10\/Workshops-2048x1536.jpeg 2048w, https:\/\/orbit-projekt.de\/wp-content\/uploads\/2023\/10\/Workshops-1200x900.jpeg 1200w, https:\/\/orbit-projekt.de\/wp-content\/uploads\/2023\/10\/Workshops-1980x1485.jpeg 1980w\" sizes=\"(max-width: 2560px) 100vw, 2560px\" \/><\/a>\n\t\t\t<\/div>\n\t\t\t\t<figcaption class='wp-caption-text gallery-caption' id='gallery-1-2391'>\n\t\t\t\tDiskussionen im Rahmen des Workshops &#8222;Putting the microbes in place \u2013 reaction requirements and perspectives for optimization&#8220;. Foto: Katja Kr\u00fcger\n\t\t\t\t<\/figcaption><\/figure><figure class='gallery-item'>\n\t\t\t<div class='gallery-icon landscape'>\n\t\t\t\t<a data-elementor-open-lightbox=\"yes\" data-elementor-lightbox-slideshow=\"8d9b444\" data-elementor-lightbox-title=\"Postersession\" data-elementor-lightbox-description=\"Teilnehmende w\u00e4hrend der Postersession. Foto Katja Kr\u00fcger\" data-e-action-hash=\"#elementor-action%3Aaction%3Dlightbox%26settings%3DeyJpZCI6MjM4OSwidXJsIjoiaHR0cHM6XC9cL29yYml0LXByb2pla3QuZGVcL3dwLWNvbnRlbnRcL3VwbG9hZHNcLzIwMjNcLzEwXC9Qb3N0ZXJzZXNzaW9uLXNjYWxlZC5qcGVnIiwic2xpZGVzaG93IjoiOGQ5YjQ0NCJ9\" href='https:\/\/orbit-projekt.de\/wp-content\/uploads\/2023\/10\/Postersession-scaled.jpeg'><img loading=\"lazy\" decoding=\"async\" width=\"2560\" height=\"1920\" src=\"https:\/\/orbit-projekt.de\/wp-content\/uploads\/2023\/10\/Postersession-scaled.jpeg\" class=\"attachment-full size-full\" alt=\"Teilnehmende w\u00e4hrend der Postersession. Foto Katja Kr\u00fcger\" aria-describedby=\"gallery-1-2389\" srcset=\"https:\/\/orbit-projekt.de\/wp-content\/uploads\/2023\/10\/Postersession-scaled.jpeg 2560w, https:\/\/orbit-projekt.de\/wp-content\/uploads\/2023\/10\/Postersession-300x225.jpeg 300w, https:\/\/orbit-projekt.de\/wp-content\/uploads\/2023\/10\/Postersession-1024x768.jpeg 1024w, https:\/\/orbit-projekt.de\/wp-content\/uploads\/2023\/10\/Postersession-768x576.jpeg 768w, https:\/\/orbit-projekt.de\/wp-content\/uploads\/2023\/10\/Postersession-1536x1152.jpeg 1536w, https:\/\/orbit-projekt.de\/wp-content\/uploads\/2023\/10\/Postersession-2048x1536.jpeg 2048w, https:\/\/orbit-projekt.de\/wp-content\/uploads\/2023\/10\/Postersession-1200x900.jpeg 1200w, https:\/\/orbit-projekt.de\/wp-content\/uploads\/2023\/10\/Postersession-1980x1485.jpeg 1980w\" sizes=\"(max-width: 2560px) 100vw, 2560px\" \/><\/a>\n\t\t\t<\/div>\n\t\t\t\t<figcaption class='wp-caption-text gallery-caption' id='gallery-1-2389'>\n\t\t\t\tTeilnehmende w\u00e4hrend der Postersession. Foto Katja Kr\u00fcger\n\t\t\t\t<\/figcaption><\/figure><figure class='gallery-item'>\n\t\t\t<div class='gallery-icon portrait'>\n\t\t\t\t<a data-elementor-open-lightbox=\"yes\" data-elementor-lightbox-slideshow=\"8d9b444\" data-elementor-lightbox-title=\"Talks\" data-elementor-lightbox-description=\"Dr. Cornelia Welte w\u00e4hrend ihres Vortrages zum Thema Elektrobiokatalyse. Foto: Katja Kr\u00fcger\" data-e-action-hash=\"#elementor-action%3Aaction%3Dlightbox%26settings%3DeyJpZCI6MjM5MCwidXJsIjoiaHR0cHM6XC9cL29yYml0LXByb2pla3QuZGVcL3dwLWNvbnRlbnRcL3VwbG9hZHNcLzIwMjNcLzEwXC9UYWxrcy1zY2FsZWQuanBlZyIsInNsaWRlc2hvdyI6IjhkOWI0NDQifQ%3D%3D\" href='https:\/\/orbit-projekt.de\/wp-content\/uploads\/2023\/10\/Talks-scaled.jpeg'><img loading=\"lazy\" decoding=\"async\" width=\"1920\" height=\"2560\" src=\"https:\/\/orbit-projekt.de\/wp-content\/uploads\/2023\/10\/Talks-scaled.jpeg\" class=\"attachment-full size-full\" alt=\"Dr. Cornelia Welte w\u00e4hrend ihres Vortrages zum Thema Elektrobiokatalyse. Foto: Katja Kr\u00fcger\" aria-describedby=\"gallery-1-2390\" srcset=\"https:\/\/orbit-projekt.de\/wp-content\/uploads\/2023\/10\/Talks-scaled.jpeg 1920w, https:\/\/orbit-projekt.de\/wp-content\/uploads\/2023\/10\/Talks-225x300.jpeg 225w, https:\/\/orbit-projekt.de\/wp-content\/uploads\/2023\/10\/Talks-768x1024.jpeg 768w, https:\/\/orbit-projekt.de\/wp-content\/uploads\/2023\/10\/Talks-1152x1536.jpeg 1152w, https:\/\/orbit-projekt.de\/wp-content\/uploads\/2023\/10\/Talks-1536x2048.jpeg 1536w, https:\/\/orbit-projekt.de\/wp-content\/uploads\/2023\/10\/Talks-1200x1600.jpeg 1200w, https:\/\/orbit-projekt.de\/wp-content\/uploads\/2023\/10\/Talks-1980x2640.jpeg 1980w\" sizes=\"(max-width: 1920px) 100vw, 1920px\" \/><\/a>\n\t\t\t<\/div>\n\t\t\t\t<figcaption class='wp-caption-text gallery-caption' id='gallery-1-2390'>\n\t\t\t\tDr. Cornelia Welte w\u00e4hrend ihres Vortrages zum Thema Elektrobiokatalyse. Foto: Katja Kr\u00fcger\n\t\t\t\t<\/figcaption><\/figure><figure class='gallery-item'>\n\t\t\t<div class='gallery-icon portrait'>\n\t\t\t\t<a data-elementor-open-lightbox=\"yes\" data-elementor-lightbox-slideshow=\"8d9b444\" data-elementor-lightbox-title=\"Closing_remarks\" data-elementor-lightbox-description=\"Dr. Annett Bellack und Kathrin Rettinger w\u00e4hrend der Verleihung des Posterpreises. Foto: Katja Kr\u00fcger\" data-e-action-hash=\"#elementor-action%3Aaction%3Dlightbox%26settings%3DeyJpZCI6MjM5MiwidXJsIjoiaHR0cHM6XC9cL29yYml0LXByb2pla3QuZGVcL3dwLWNvbnRlbnRcL3VwbG9hZHNcLzIwMjNcLzEwXC9DbG9zaW5nX3JlbWFya3Mtc2NhbGVkLmpwZWciLCJzbGlkZXNob3ciOiI4ZDliNDQ0In0%3D\" href='https:\/\/orbit-projekt.de\/wp-content\/uploads\/2023\/10\/Closing_remarks-scaled.jpeg'><img loading=\"lazy\" decoding=\"async\" width=\"1920\" height=\"2560\" src=\"https:\/\/orbit-projekt.de\/wp-content\/uploads\/2023\/10\/Closing_remarks-scaled.jpeg\" class=\"attachment-full size-full\" alt=\"Dr. Annett Bellack und Kathrin Rettinger w\u00e4hrend der Verleihung des Posterpreises. Foto: Katja Kr\u00fcger\" aria-describedby=\"gallery-1-2392\" srcset=\"https:\/\/orbit-projekt.de\/wp-content\/uploads\/2023\/10\/Closing_remarks-scaled.jpeg 1920w, https:\/\/orbit-projekt.de\/wp-content\/uploads\/2023\/10\/Closing_remarks-225x300.jpeg 225w, https:\/\/orbit-projekt.de\/wp-content\/uploads\/2023\/10\/Closing_remarks-768x1024.jpeg 768w, https:\/\/orbit-projekt.de\/wp-content\/uploads\/2023\/10\/Closing_remarks-1152x1536.jpeg 1152w, https:\/\/orbit-projekt.de\/wp-content\/uploads\/2023\/10\/Closing_remarks-1536x2048.jpeg 1536w, https:\/\/orbit-projekt.de\/wp-content\/uploads\/2023\/10\/Closing_remarks-1200x1600.jpeg 1200w, https:\/\/orbit-projekt.de\/wp-content\/uploads\/2023\/10\/Closing_remarks-1980x2640.jpeg 1980w\" sizes=\"(max-width: 1920px) 100vw, 1920px\" \/><\/a>\n\t\t\t<\/div>\n\t\t\t\t<figcaption class='wp-caption-text gallery-caption' id='gallery-1-2392'>\n\t\t\t\tDr. Annett Bellack und Kathrin Rettinger w\u00e4hrend der Verleihung des Posterpreises. Foto: Katja Kr\u00fcger\n\t\t\t\t<\/figcaption><\/figure>\n\t\t<\/div>\n\t\t<\/div>\n\t\t\t\t\t\t<\/div>\n\t\t\t\t<\/div>\n\t\t\t\t<div class=\"elementor-element elementor-element-fe34c25 elementor-widget elementor-widget-heading\" data-id=\"fe34c25\" data-element_type=\"widget\" data-widget_type=\"heading.default\">\n\t\t\t\t<div class=\"elementor-widget-container\">\n\t\t\t\t\t<h4 class=\"elementor-heading-title elementor-size-default\">Downloads des 2. ORBIT-Workshops<\/h4>\t\t\t\t<\/div>\n\t\t\t\t<\/div>\n\t\t\t\t<div class=\"elementor-element elementor-element-c40e700 elementor-widget elementor-widget-text-editor\" data-id=\"c40e700\" data-element_type=\"widget\" data-widget_type=\"text-editor.default\">\n\t\t\t\t<div class=\"elementor-widget-container\">\n\t\t\t\t\t\t\t\t\t<p><div class=\"sdm_download_button_box_default\"><div class=\"sdm_download_link\"><span class=\"sdm_enter_password_label_text\">Passwort zum Herunterladen eingeben:<\/span><form action=\"https:\/\/orbit-projekt.de\/?sdm_process_download=1&#038;download_id=2456\" method=\"post\" id=\"sdm-pass-69f54b0e9d059\" class=\"sdm-download-form\"><input type=\"password\" name=\"pass_text\" class=\"sdm_pass_text\" value=\"\" \/> <span class=\"sdm-download-button\"><a href=\"#\" name=\"sdm_dl_pass_submit\" class=\"pass_sumbit sdm_pass_protected_download sdm_download_with_condition sdm_download green\">Jetzt herunterladen!<\/a><\/span><input type=\"hidden\" name=\"download_id\" value=\"2456\" \/><\/form><\/div><\/div><\/p>\t\t\t\t\t\t\t\t<\/div>\n\t\t\t\t<\/div>\n\t\t\t\t<div class=\"elementor-element elementor-element-e56ed00 elementor-widget elementor-widget-heading\" data-id=\"e56ed00\" data-element_type=\"widget\" data-widget_type=\"heading.default\">\n\t\t\t\t<div class=\"elementor-widget-container\">\n\t\t\t\t\t<h4 class=\"elementor-heading-title elementor-size-default\">Workshop-Flyer<\/h4>\t\t\t\t<\/div>\n\t\t\t\t<\/div>\n\t\t\t\t<div class=\"elementor-element elementor-element-c78dd4f elementor-widget elementor-widget-image\" data-id=\"c78dd4f\" data-element_type=\"widget\" data-widget_type=\"image.default\">\n\t\t\t\t<div class=\"elementor-widget-container\">\n\t\t\t\t\t\t\t\t\t\t\t\t\t\t\t<img loading=\"lazy\" decoding=\"async\" width=\"580\" height=\"823\" src=\"https:\/\/orbit-projekt.de\/wp-content\/uploads\/2023\/05\/Flyer-Workshop_II-722x1024.jpg\" class=\"attachment-large size-large wp-image-2096\" alt=\"Flyer des 2. ORBIT Workshops\" srcset=\"https:\/\/orbit-projekt.de\/wp-content\/uploads\/2023\/05\/Flyer-Workshop_II-722x1024.jpg 722w, https:\/\/orbit-projekt.de\/wp-content\/uploads\/2023\/05\/Flyer-Workshop_II-211x300.jpg 211w, https:\/\/orbit-projekt.de\/wp-content\/uploads\/2023\/05\/Flyer-Workshop_II-768x1090.jpg 768w, https:\/\/orbit-projekt.de\/wp-content\/uploads\/2023\/05\/Flyer-Workshop_II-1082x1536.jpg 1082w, https:\/\/orbit-projekt.de\/wp-content\/uploads\/2023\/05\/Flyer-Workshop_II-1443x2048.jpg 1443w, https:\/\/orbit-projekt.de\/wp-content\/uploads\/2023\/05\/Flyer-Workshop_II-1200x1703.jpg 1200w, https:\/\/orbit-projekt.de\/wp-content\/uploads\/2023\/05\/Flyer-Workshop_II-1980x2810.jpg 1980w, https:\/\/orbit-projekt.de\/wp-content\/uploads\/2023\/05\/Flyer-Workshop_II-scaled.jpg 1804w\" sizes=\"(max-width: 580px) 100vw, 580px\" \/>\t\t\t\t\t\t\t\t\t\t\t\t\t\t\t<\/div>\n\t\t\t\t<\/div>\n\t\t\t\t<section class=\"elementor-section elementor-inner-section elementor-element elementor-element-10f041d elementor-section-boxed elementor-section-height-default elementor-section-height-default\" data-id=\"10f041d\" data-element_type=\"section\">\n\t\t\t\t\t\t<div class=\"elementor-container elementor-column-gap-default\">\n\t\t\t\t\t<div class=\"elementor-column elementor-col-50 elementor-inner-column elementor-element elementor-element-46a6af1\" data-id=\"46a6af1\" data-element_type=\"column\">\n\t\t\t<div class=\"elementor-widget-wrap\">\n\t\t\t\t\t\t\t<\/div>\n\t\t<\/div>\n\t\t\t\t<div class=\"elementor-column elementor-col-50 elementor-inner-column elementor-element elementor-element-fd5b099\" data-id=\"fd5b099\" data-element_type=\"column\">\n\t\t\t<div class=\"elementor-widget-wrap\">\n\t\t\t\t\t\t\t<\/div>\n\t\t<\/div>\n\t\t\t\t\t<\/div>\n\t\t<\/section>\n\t\t\t\t\t<\/div>\n\t\t<\/div>\n\t\t\t\t\t<\/div>\n\t\t<\/section>\n\t\t\t\t<\/div>\n\t\t","protected":false},"excerpt":{"rendered":"<p>2. ORBIT-Workshop am 5. und 6.10.2023: Advances in biological methanation: Microbes as game changers for a sustainable future Im Rahmen des Forschungsprojektes ORBIT II wird j\u00e4hrlich ein Workshop zu aktuellen Themen rund um die biologische Methanisierung organisiert. Der zweite Workshop \u201cAdvances in biological methanation: Microbes as game changers for a sustainable future\u201d addressierte die biologischen [&hellip;]<\/p>\n","protected":false},"author":5,"featured_media":0,"parent":1093,"menu_order":2,"comment_status":"closed","ping_status":"closed","template":"elementor_canvas","meta":{"footnotes":""},"class_list":["post-2147","page","type-page","status-publish","hentry"],"_links":{"self":[{"href":"https:\/\/orbit-projekt.de\/index.php?rest_route=\/wp\/v2\/pages\/2147","targetHints":{"allow":["GET"]}}],"collection":[{"href":"https:\/\/orbit-projekt.de\/index.php?rest_route=\/wp\/v2\/pages"}],"about":[{"href":"https:\/\/orbit-projekt.de\/index.php?rest_route=\/wp\/v2\/types\/page"}],"author":[{"embeddable":true,"href":"https:\/\/orbit-projekt.de\/index.php?rest_route=\/wp\/v2\/users\/5"}],"replies":[{"embeddable":true,"href":"https:\/\/orbit-projekt.de\/index.php?rest_route=%2Fwp%2Fv2%2Fcomments&post=2147"}],"version-history":[{"count":102,"href":"https:\/\/orbit-projekt.de\/index.php?rest_route=\/wp\/v2\/pages\/2147\/revisions"}],"predecessor-version":[{"id":2462,"href":"https:\/\/orbit-projekt.de\/index.php?rest_route=\/wp\/v2\/pages\/2147\/revisions\/2462"}],"up":[{"embeddable":true,"href":"https:\/\/orbit-projekt.de\/index.php?rest_route=\/wp\/v2\/pages\/1093"}],"wp:attachment":[{"href":"https:\/\/orbit-projekt.de\/index.php?rest_route=%2Fwp%2Fv2%2Fmedia&parent=2147"}],"curies":[{"name":"wp","href":"https:\/\/api.w.org\/{rel}","templated":true}]}}