{"id":16,"date":"2021-03-08T13:26:25","date_gmt":"2021-03-08T12:26:25","guid":{"rendered":"http:\/\/localhost\/inzell\/?page_id=16"},"modified":"2024-05-10T14:35:46","modified_gmt":"2024-05-10T12:35:46","slug":"home","status":"publish","type":"page","link":"https:\/\/orbit-projekt.de\/","title":{"rendered":"Home"},"content":{"rendered":"\t\t<div data-elementor-type=\"wp-page\" data-elementor-id=\"16\" class=\"elementor elementor-16\">\n\t\t\t\t\t\t<section class=\"elementor-section elementor-top-section elementor-element elementor-element-94999cf elementor-section-boxed elementor-section-height-default elementor-section-height-default\" data-id=\"94999cf\" data-element_type=\"section\">\n\t\t\t\t\t\t<div class=\"elementor-container elementor-column-gap-default\">\n\t\t\t\t\t<div class=\"elementor-column elementor-col-100 elementor-top-column elementor-element elementor-element-493046f\" data-id=\"493046f\" data-element_type=\"column\">\n\t\t\t<div class=\"elementor-widget-wrap elementor-element-populated\">\n\t\t\t\t\t\t<div class=\"elementor-element elementor-element-36fb53c elementor-widget elementor-widget-heading\" data-id=\"36fb53c\" data-element_type=\"widget\" data-widget_type=\"heading.default\">\n\t\t\t\t<div class=\"elementor-widget-container\">\n\t\t\t\t\t<h4 class=\"elementor-heading-title elementor-size-default\">Forschungsprojekt ORBIT II<\/h4>\t\t\t\t<\/div>\n\t\t\t\t<\/div>\n\t\t\t\t<div class=\"elementor-element elementor-element-0ae1996 elementor-widget elementor-widget-heading\" data-id=\"0ae1996\" data-element_type=\"widget\" data-widget_type=\"heading.default\">\n\t\t\t\t<div class=\"elementor-widget-container\">\n\t\t\t\t\t<h5 class=\"elementor-heading-title elementor-size-default\"><span style=\"font-weight:bold\">Erweiterung eines hocheffizienten\nRieselbett-Bioreaktors und Optimierung der Methanisierungsanlage f\u00fcr den\nkommerziellen industriellen Einsatz<\/span><\/h5>\t\t\t\t<\/div>\n\t\t\t\t<\/div>\n\t\t\t\t<div class=\"elementor-element elementor-element-6b3190f elementor-widget elementor-widget-text-editor\" data-id=\"6b3190f\" data-element_type=\"widget\" data-widget_type=\"text-editor.default\">\n\t\t\t\t<div class=\"elementor-widget-container\">\n\t\t\t\t\t\t\t\t\t<p><span style=\"font-weight: bold;\">Im Fokus des Bundesforschungsprojektes steht die Speicherung von Strom aus erneuerbaren Quellen in Form von Methan. Kern des Projektes ist die Umwandlung von Kohlenstoffdioxid und Wasserstoff zu Methan mittels biologischer Methanisierung. In einem Rieselbett-Bioreaktor \u00fcbernehmen Archaeen die zentrale Aufgabe der Methanisierung. Die Partner m\u00f6chten mit dem Projekt einen weiteren Baustein f\u00fcr die Umsetzung der Energiewende liefern, die Technologie Power-to-Gas (PtG) n\u00e4her an die Anwendung f\u00fchren und damit einen Beitrag zur Bew\u00e4ltigung des Klimawandels leisten.<\/span><\/p>\t\t\t\t\t\t\t\t<\/div>\n\t\t\t\t<\/div>\n\t\t\t\t<div class=\"elementor-element elementor-element-9f8bb49 elementor-widget elementor-widget-heading\" data-id=\"9f8bb49\" data-element_type=\"widget\" data-widget_type=\"heading.default\">\n\t\t\t\t<div class=\"elementor-widget-container\">\n\t\t\t\t\t<h5 class=\"elementor-heading-title elementor-size-default\">Das Forschungsprojekt im \u00dcberblick<\/h5>\t\t\t\t<\/div>\n\t\t\t\t<\/div>\n\t\t\t\t<div class=\"elementor-element elementor-element-7c94133 elementor-widget elementor-widget-text-editor\" data-id=\"7c94133\" data-element_type=\"widget\" data-widget_type=\"text-editor.default\">\n\t\t\t\t<div class=\"elementor-widget-container\">\n\t\t\t\t\t\t\t\t\t<p>Ziel des Vorhabens ist die Erweiterung eines Rieselbett-Bioreaktors (ORBIT-Demo) f\u00fcr die biologische Methanisierung mit Archaeen um Elektrolyseur, Gasaufbereitung und Gasspeicherung inkl. notwendiger Peripherie. Ein Elektrolyseur mit Protonenaustauschmembran (Proton-Exchange-Membrane PEM) wird hierf\u00fcr speziell angepasst und umfangreich untersucht. F\u00fcr den Einsatz im Bioreaktor werden neue F\u00fcllk\u00f6rper auf Basis von Glas entwickelt, hergestellt und untersucht. Parallel zu den Untersuchungen in ORBIT-Demo wird ein Zwilling im 5 L-Ma\u00dfstab aufgebaut, an dem weitere Untersuchungen stattfinden. Die Gesamtanlage ORBIT-Demo wird mit verschiedenen Bio- oder Abgasen aus Industrieprozessen als CO<sub>2<\/sub>-Quelle betrieben. Es werden methanogene Kulturen identifiziert, die f\u00fcr die verschiedenen Gase geeignet sind und hohe Umsatzraten erzielen. Abschlie\u00dfend wird die Anlage als Feldtest am Kl\u00e4rwerk in Pfaffenhofen a. d. Ilm integriert und dort betrieben.<\/p>\n<p>Es werden potentielle Standorte f\u00fcr PtG-Anlagen mit biologischer Methanisierung in Deutschland identifiziert und anhand verschiedener G\u00fctekriterien bewertet. Basierend auf den Ergebnissen in ORBIT-Twin und ORBIT-Demo wird ein Upscale der Anlage (ORBIT-Industry) geplant und f\u00fcr eine der identifizierten Industriebranchen ausgelegt.<\/p>\n<p>Das Vorhaben ist eine direkte Fortf\u00fchrung des BMWK-gef\u00f6rderten Projekts \u201eORBIT\u201c (\u201eOptimierung eines Rieselbett-Bioreaktors f\u00fcr die dynamische mikrobielle Biosynthese von Methan mit Archaeen in Power-to-Gas Anlagen\u201c). Die Systemintegration und Kostensenkung von Power-to-Gas Anlagen sowie die Nutzung von biogenen Abfallstoffen (Abgasen) als Eduktgase f\u00fcr die Methanisierung werden als \u00fcbergeordnete Ziele vom interdisziplin\u00e4ren Konsortium verfolgt.<\/p>\t\t\t\t\t\t\t\t<\/div>\n\t\t\t\t<\/div>\n\t\t\t\t<div class=\"elementor-element elementor-element-846500b elementor-widget elementor-widget-heading\" data-id=\"846500b\" data-element_type=\"widget\" data-widget_type=\"heading.default\">\n\t\t\t\t<div class=\"elementor-widget-container\">\n\t\t\t\t\t<h5 class=\"elementor-heading-title elementor-size-default\">Eckdaten des Reaktors<\/h5>\t\t\t\t<\/div>\n\t\t\t\t<\/div>\n\t\t\t\t\t<\/div>\n\t\t<\/div>\n\t\t\t\t\t<\/div>\n\t\t<\/section>\n\t\t\t\t<section class=\"elementor-section elementor-top-section elementor-element elementor-element-ca23239 elementor-section-height-min-height elementor-section-items-top elementor-section-boxed elementor-section-height-default\" data-id=\"ca23239\" data-element_type=\"section\" data-settings=\"{&quot;background_background&quot;:&quot;classic&quot;}\">\n\t\t\t\t\t\t\t<div class=\"elementor-background-overlay\"><\/div>\n\t\t\t\t\t\t\t<div class=\"elementor-container elementor-column-gap-default\">\n\t\t\t\t\t<div class=\"elementor-column elementor-col-50 elementor-top-column elementor-element elementor-element-c05ddd8 elementor-invisible\" data-id=\"c05ddd8\" data-element_type=\"column\" data-settings=\"{&quot;animation&quot;:&quot;slideInLeft&quot;,&quot;animation_delay&quot;:300}\">\n\t\t\t<div class=\"elementor-widget-wrap elementor-element-populated\">\n\t\t\t\t\t\t<div class=\"elementor-element elementor-element-a0431eb elementor-widget__width-initial elementor-widget elementor-widget-text-editor\" data-id=\"a0431eb\" data-element_type=\"widget\" data-widget_type=\"text-editor.default\">\n\t\t\t\t<div class=\"elementor-widget-container\">\n\t\t\t\t\t\t\t\t\t<p><strong>Reaktorkenndaten:<\/strong><\/p><ul><li>Rieselbettreaktor<\/li><li>46 L Reaktorvolumen<\/li><li>0,565 kW Leistung<\/li><\/ul><p><strong>Elektrolysekenndaten:<\/strong><\/p><ul><li>PEM-Elektrolyse<\/li><li>5 kW Leistung<\/li><\/ul>\t\t\t\t\t\t\t\t<\/div>\n\t\t\t\t<\/div>\n\t\t\t\t\t<\/div>\n\t\t<\/div>\n\t\t\t\t<div class=\"elementor-column elementor-col-50 elementor-top-column elementor-element elementor-element-0224ffd elementor-invisible\" data-id=\"0224ffd\" data-element_type=\"column\" data-settings=\"{&quot;animation&quot;:&quot;slideInRight&quot;,&quot;animation_delay&quot;:700}\">\n\t\t\t<div class=\"elementor-widget-wrap elementor-element-populated\">\n\t\t\t\t\t\t<div class=\"elementor-element elementor-element-d79e4cc elementor-widget__width-initial elementor-widget elementor-widget-text-editor\" data-id=\"d79e4cc\" data-element_type=\"widget\" data-widget_type=\"text-editor.default\">\n\t\t\t\t<div class=\"elementor-widget-container\">\n\t\t\t\t\t\t\t\t\t<p><strong>Betriebseigenschaften:<\/strong><\/p><ul><li>Temperatur: 65 \u00b0C<\/li><li>Betriebsdruck: 12,5 bar<\/li><li>Synthese mit methanogenen Archaeen<\/li><li>Methangehalt im Produktgas: 95,3 %<\/li><\/ul>\t\t\t\t\t\t\t\t<\/div>\n\t\t\t\t<\/div>\n\t\t\t\t\t<\/div>\n\t\t<\/div>\n\t\t\t\t\t<\/div>\n\t\t<\/section>\n\t\t\t\t<section class=\"elementor-section elementor-top-section elementor-element elementor-element-6d0a2a1 elementor-section-boxed elementor-section-height-default elementor-section-height-default\" data-id=\"6d0a2a1\" data-element_type=\"section\">\n\t\t\t\t\t\t<div class=\"elementor-container elementor-column-gap-default\">\n\t\t\t\t\t<div class=\"elementor-column elementor-col-100 elementor-top-column elementor-element elementor-element-5bb13a4\" data-id=\"5bb13a4\" data-element_type=\"column\">\n\t\t\t<div class=\"elementor-widget-wrap elementor-element-populated\">\n\t\t\t\t\t\t<div class=\"elementor-element elementor-element-1ae0770 elementor-widget elementor-widget-heading\" data-id=\"1ae0770\" data-element_type=\"widget\" data-widget_type=\"heading.default\">\n\t\t\t\t<div class=\"elementor-widget-container\">\n\t\t\t\t\t<h4 class=\"elementor-heading-title elementor-size-default\">Projektsteckbrief<\/h4>\t\t\t\t<\/div>\n\t\t\t\t<\/div>\n\t\t\t\t<section class=\"elementor-section elementor-inner-section elementor-element elementor-element-441590d elementor-section-boxed elementor-section-height-default elementor-section-height-default\" data-id=\"441590d\" data-element_type=\"section\">\n\t\t\t\t\t\t<div class=\"elementor-container elementor-column-gap-default\">\n\t\t\t\t\t<div class=\"elementor-column elementor-col-50 elementor-inner-column elementor-element elementor-element-64e271c\" data-id=\"64e271c\" data-element_type=\"column\">\n\t\t\t<div class=\"elementor-widget-wrap elementor-element-populated\">\n\t\t\t\t\t\t<div class=\"elementor-element elementor-element-af0b729 elementor-widget elementor-widget-text-editor\" data-id=\"af0b729\" data-element_type=\"widget\" data-widget_type=\"text-editor.default\">\n\t\t\t\t<div class=\"elementor-widget-container\">\n\t\t\t\t\t\t\t\t\t<ul>\n<li>Titel: Erweiterung eines hocheffizienten Rieselbett-Bioreaktors und Optimierung der<br>Methanisierungsanlage f\u00fcr den kommerziellen industriellen Einsatz\n<p><\/p>\n<\/li>\n<li>Partner:\n<ul>\n<li>Forschung und Projektmanagement:\n<ul>\n<li>Ostbayerische Technische Hochschule Regensburg<\/li>\n<li>Friedrich-Alexander Universit\u00e4t Erlangen-N\u00fcrnberg <\/li>\n<li>Universit\u00e4t Regensburg <\/li>\n<\/ul>\n<\/li>\n<li>Industriepartner:\n<ul>\n<li>ostermeier H2ydrogen Solutions GmbH<\/li>\n<li>Schott AG<\/li>\n<\/ul>\n<\/li>\n<li>Assoziierte Partner:\n<ul>\n<li>Electrochaea GmbH<\/li>\n<li>Hitachi Zosen Inova Schmack GmbH<\/li>\n<li>MicroPyros BioEnerTec GmbH<\/li>\n<li>B\u00fcrger-Energie-Genossenschaft im Landkreis Pfaffenhofen a. d. Ilm eG<\/li>\n<li>Stadtwerke Pfaffenhofen a. d. Ilm<\/li>\n<\/ul>\n<\/li>\n<\/ul>\n<\/li>\n<li>Projektlaufzeit: 3,5 Jahre (2021 &#8211; 2025)<\/li>\n<li>Projektvolumen: ca. 2,1 Mio. Euro<\/li>\n<li>Gef\u00f6rdert durch: Bundesministerium f\u00fcr Wirtschaft und Klimaschutz (BMWK)<br><\/li>\n<\/ul>\t\t\t\t\t\t\t\t<\/div>\n\t\t\t\t<\/div>\n\t\t\t\t\t<\/div>\n\t\t<\/div>\n\t\t\t\t<div class=\"elementor-column elementor-col-50 elementor-inner-column elementor-element elementor-element-f2b1334\" data-id=\"f2b1334\" data-element_type=\"column\">\n\t\t\t<div class=\"elementor-widget-wrap elementor-element-populated\">\n\t\t\t\t\t\t<div class=\"elementor-element elementor-element-2203718 elementor-widget elementor-widget-image\" data-id=\"2203718\" data-element_type=\"widget\" data-widget_type=\"image.default\">\n\t\t\t\t<div class=\"elementor-widget-container\">\n\t\t\t\t\t\t\t\t\t\t\t\t\t\t\t<img fetchpriority=\"high\" decoding=\"async\" width=\"291\" height=\"300\" src=\"https:\/\/orbit-projekt.de\/wp-content\/uploads\/2022\/03\/Logo-neu-291x300.png\" class=\"attachment-medium size-medium wp-image-751\" alt=\"\" srcset=\"https:\/\/orbit-projekt.de\/wp-content\/uploads\/2022\/03\/Logo-neu-291x300.png 291w, https:\/\/orbit-projekt.de\/wp-content\/uploads\/2022\/03\/Logo-neu-995x1024.png 995w, https:\/\/orbit-projekt.de\/wp-content\/uploads\/2022\/03\/Logo-neu-768x791.png 768w, https:\/\/orbit-projekt.de\/wp-content\/uploads\/2022\/03\/Logo-neu-1200x1235.png 1200w, https:\/\/orbit-projekt.de\/wp-content\/uploads\/2022\/03\/Logo-neu.png 1360w\" sizes=\"(max-width: 291px) 100vw, 291px\" \/>\t\t\t\t\t\t\t\t\t\t\t\t\t\t\t<\/div>\n\t\t\t\t<\/div>\n\t\t\t\t\t<\/div>\n\t\t<\/div>\n\t\t\t\t\t<\/div>\n\t\t<\/section>\n\t\t\t\t\t<\/div>\n\t\t<\/div>\n\t\t\t\t\t<\/div>\n\t\t<\/section>\n\t\t\t\t<\/div>\n\t\t","protected":false},"excerpt":{"rendered":"<p>Forschungsprojekt ORBIT II Erweiterung eines hocheffizienten Rieselbett-Bioreaktors und Optimierung der Methanisierungsanlage f\u00fcr den kommerziellen industriellen Einsatz Im Fokus des Bundesforschungsprojektes steht die Speicherung von Strom aus erneuerbaren Quellen in Form von Methan. Kern des Projektes ist die Umwandlung von Kohlenstoffdioxid und Wasserstoff zu Methan mittels biologischer Methanisierung. In einem Rieselbett-Bioreaktor \u00fcbernehmen Archaeen die zentrale Aufgabe [&hellip;]<\/p>\n","protected":false},"author":3,"featured_media":0,"parent":0,"menu_order":0,"comment_status":"closed","ping_status":"closed","template":"elementor_canvas","meta":{"footnotes":""},"class_list":["post-16","page","type-page","status-publish","hentry"],"_links":{"self":[{"href":"https:\/\/orbit-projekt.de\/index.php?rest_route=\/wp\/v2\/pages\/16","targetHints":{"allow":["GET"]}}],"collection":[{"href":"https:\/\/orbit-projekt.de\/index.php?rest_route=\/wp\/v2\/pages"}],"about":[{"href":"https:\/\/orbit-projekt.de\/index.php?rest_route=\/wp\/v2\/types\/page"}],"author":[{"embeddable":true,"href":"https:\/\/orbit-projekt.de\/index.php?rest_route=\/wp\/v2\/users\/3"}],"replies":[{"embeddable":true,"href":"https:\/\/orbit-projekt.de\/index.php?rest_route=%2Fwp%2Fv2%2Fcomments&post=16"}],"version-history":[{"count":164,"href":"https:\/\/orbit-projekt.de\/index.php?rest_route=\/wp\/v2\/pages\/16\/revisions"}],"predecessor-version":[{"id":2475,"href":"https:\/\/orbit-projekt.de\/index.php?rest_route=\/wp\/v2\/pages\/16\/revisions\/2475"}],"wp:attachment":[{"href":"https:\/\/orbit-projekt.de\/index.php?rest_route=%2Fwp%2Fv2%2Fmedia&parent=16"}],"curies":[{"name":"wp","href":"https:\/\/api.w.org\/{rel}","templated":true}]}}